{"id":1536,"date":"2024-05-17T14:50:15","date_gmt":"2024-05-17T12:50:15","guid":{"rendered":"https:\/\/apostrophe-vieira.com\/?page_id=1536"},"modified":"2024-05-17T14:55:54","modified_gmt":"2024-05-17T12:55:54","slug":"accueil","status":"publish","type":"page","link":"https:\/\/apostrophe-vieira.com\/index.php\/accueil\/","title":{"rendered":"Politique de confidentialit\u00e9"},"content":{"rendered":"\t\t<div data-elementor-type=\"wp-post\" data-elementor-id=\"1536\" class=\"elementor elementor-1536\">\n\t\t\t\t\t\t<section class=\"elementor-section elementor-top-section elementor-element elementor-element-arduvcg elementor-section-height-min-height elementor-section-boxed elementor-section-height-default elementor-section-items-middle\" data-id=\"arduvcg\" data-element_type=\"section\" data-e-type=\"section\" data-settings=\"{&quot;background_background&quot;:&quot;classic&quot;}\">\n\t\t\t\t\t\t\t<div class=\"elementor-background-overlay\"><\/div>\n\t\t\t\t\t\t\t<div class=\"elementor-container elementor-column-gap-default\">\n\t\t\t\t\t<div class=\"elementor-column elementor-col-100 elementor-top-column elementor-element elementor-element-mcwoycn\" data-id=\"mcwoycn\" data-element_type=\"column\" data-e-type=\"column\">\n\t\t\t<div class=\"elementor-widget-wrap elementor-element-populated\">\n\t\t\t\t\t\t<div class=\"elementor-element elementor-element-80695b7 elementor-widget elementor-widget-heading\" data-id=\"80695b7\" data-element_type=\"widget\" data-e-type=\"widget\" data-widget_type=\"heading.default\">\n\t\t\t\t<div class=\"elementor-widget-container\">\n\t\t\t\t\t<h1 class=\"elementor-heading-title elementor-size-default\">Atelier<\/h1>\t\t\t\t<\/div>\n\t\t\t\t<\/div>\n\t\t\t\t<div class=\"elementor-element elementor-element-jmkaurx elementor-widget elementor-widget-heading\" data-id=\"jmkaurx\" data-element_type=\"widget\" data-e-type=\"widget\" data-widget_type=\"heading.default\">\n\t\t\t\t<div class=\"elementor-widget-container\">\n\t\t\t\t\t<h2 class=\"elementor-heading-title elementor-size-default\">APOSTROPHE<\/h2>\t\t\t\t<\/div>\n\t\t\t\t<\/div>\n\t\t\t\t<div class=\"elementor-element elementor-element-8d5fb7d elementor-widget elementor-widget-heading\" data-id=\"8d5fb7d\" data-element_type=\"widget\" data-e-type=\"widget\" data-widget_type=\"heading.default\">\n\t\t\t\t<div class=\"elementor-widget-container\">\n\t\t\t\t\t<h2 class=\"elementor-heading-title elementor-size-default\">Politique de confidentialit\u00e9<\/h2>\t\t\t\t<\/div>\n\t\t\t\t<\/div>\n\t\t\t\t<div class=\"elementor-element elementor-element-b45cbd5 elementor-widget elementor-widget-heading\" data-id=\"b45cbd5\" data-element_type=\"widget\" data-e-type=\"widget\" data-widget_type=\"heading.default\">\n\t\t\t\t<div class=\"elementor-widget-container\">\n\t\t\t\t\t<h2 class=\"elementor-heading-title elementor-size-default\">Alexandra Vieira<\/h2>\t\t\t\t<\/div>\n\t\t\t\t<\/div>\n\t\t\t\t\t<\/div>\n\t\t<\/div>\n\t\t\t\t\t<\/div>\n\t\t<\/section>\n\t\t\t\t<section class=\"elementor-section elementor-top-section elementor-element elementor-element-67c2719 elementor-section-boxed elementor-section-height-default elementor-section-height-default\" data-id=\"67c2719\" data-element_type=\"section\" data-e-type=\"section\" data-settings=\"{&quot;background_background&quot;:&quot;classic&quot;}\">\n\t\t\t\t\t\t\t<div class=\"elementor-background-overlay\"><\/div>\n\t\t\t\t\t\t\t<div class=\"elementor-container elementor-column-gap-default\">\n\t\t\t\t\t<div class=\"elementor-column elementor-col-100 elementor-top-column elementor-element elementor-element-92653ac\" data-id=\"92653ac\" data-element_type=\"column\" data-e-type=\"column\">\n\t\t\t<div class=\"elementor-widget-wrap elementor-element-populated\">\n\t\t\t\t\t\t<div class=\"elementor-element elementor-element-67c8bee elementor-widget elementor-widget-heading\" data-id=\"67c8bee\" data-element_type=\"widget\" data-e-type=\"widget\" data-widget_type=\"heading.default\">\n\t\t\t\t<div class=\"elementor-widget-container\">\n\t\t\t\t\t<h2 class=\"elementor-heading-title elementor-size-default\">Politique de confidentialit\u00e9<\/h2>\t\t\t\t<\/div>\n\t\t\t\t<\/div>\n\t\t\t\t<div class=\"elementor-element elementor-element-15289f3 elementor-widget elementor-widget-text-editor\" data-id=\"15289f3\" data-element_type=\"widget\" data-e-type=\"widget\" data-widget_type=\"text-editor.default\">\n\t\t\t\t<div class=\"elementor-widget-container\">\n\t\t\t\t\t\t\t\t\t<header class=\"page-header\" style=\"font-variant-ligatures: normal; font-variant-caps: normal; font-family: Lato; font-size: 15px; font-style: normal; font-weight: 400; text-align: start;\"><div class=\"container clr page-header-inner\" style=\"font-size: 15px;\"><nav class=\"site-breadcrumbs clr position-\" style=\"position: absolute; top: 16.8px; overflow: hidden;\" role=\"navigation\" aria-label=\"Chapelure\"><\/nav><\/div><\/header><div id=\"content-wrap\" class=\"container clr\" style=\"padding-top: 50px; padding-bottom: 50px; font-variant-ligatures: normal; font-variant-caps: normal; font-family: Lato; font-size: 15px; font-style: normal; font-weight: 400; width: 1200px; max-width: 90%; text-align: start;\"><div id=\"primary\" class=\"content-area clr\" style=\"padding-right: 30px; border-right: 1px solid #f1f1f1; border-top-style: solid; border-bottom-style: solid; border-left-style: solid; border-top-color: #f1f1f1; border-bottom-color: #f1f1f1; border-left-color: #f1f1f1; font-size: 15px; float: left; width: 864px;\"><div id=\"content\" class=\"site-content clr\" style=\"font-size: 15px;\"><article class=\"single-page-article clr\" style=\"font-size: 15px;\"><div class=\"entry clr\" style=\"font-size: 15px;\"><h2 class=\"wp-block-heading\"><span style=\"vertical-align: inherit;\">Qui s<\/span><span style=\"vertical-align: inherit;\">uis-je ?<\/span><\/h2><p style=\"font-size: 15px;\"><span style=\"vertical-align: inherit;\">L&rsquo;adresse de notre site est : http:\/\/apostrophe-vieira.com.<\/span><\/p><h2 class=\"wp-block-heading\"><span style=\"vertical-align: inherit;\">Commentaires<\/span><\/h2><p style=\"font-size: 15px;\"><span style=\"vertical-align: inherit;\">Lorsque vous laissez un commentaire sur notre site, les donn\u00e9es inscrites dans le formulaire de commentaire, ainsi que votre adresse IP et l&rsquo;agent utilisateur de votre navigateur sont collect\u00e9s pour nous aider \u00e0 la d\u00e9tection des commentaires ind\u00e9sirables.<\/span><\/p><p style=\"font-size: 15px;\"><span style=\"vertical-align: inherit;\">Une cha\u00eene anonymis\u00e9e cr\u00e9\u00e9e \u00e0 partir de votre adresse e-mail (\u00e9galement appel\u00e9e hash) peut \u00eatre envoy\u00e9e au service Gravatar pour v\u00e9rifier si vous utilisez ce dernier. Les clauses de confidentialit\u00e9 du service Gravatar sont disponibles ici : https:\/\/automattic.com\/privacy\/. Apr\u00e8s validation de votre commentaire, votre photo de profil sera visible publiquement \u00e0 c\u00f4t\u00e9 de votre commentaire.<\/span><\/p><h2 class=\"wp-block-heading\"><span style=\"vertical-align: inherit;\">Des m\u00e9dias<\/span><\/h2><p style=\"font-size: 15px;\"><span style=\"vertical-align: inherit;\">Si vous t\u00e9l\u00e9versez des images sur le site, nous vous conseillons d&rsquo;\u00e9viter de t\u00e9l\u00e9verser des images contenant des donn\u00e9es EXIF de coordonn\u00e9es GPS. Les personnes visitant votre site peuvent t\u00e9l\u00e9charger et extraire des donn\u00e9es de localisation depuis ces images.<\/span><\/p><h2 class=\"wp-block-heading\"><span style=\"vertical-align: inherit;\">Des biscuits<\/span><\/h2><p style=\"font-size: 15px;\"><span style=\"vertical-align: inherit;\">Si vous d\u00e9posez un commentaire sur notre site, il vous sera propos\u00e9 d&rsquo;enregistrer votre nom, adresse e-mail et site dans des cookies. C&rsquo;est uniquement pour votre confort afin de ne pas avoir \u00e0 saisir ces informations si vous d\u00e9posez un autre commentaire plus tard. Ces cookies expirent au bout d&rsquo;un an.<\/span><\/p><p style=\"font-size: 15px;\"><span style=\"vertical-align: inherit;\">Si vous vous rendez sur la page de connexion, un cookie temporaire sera cr\u00e9\u00e9 afin de d\u00e9terminer si votre navigateur accepte les cookies. Il ne contient pas de donn\u00e9es personnelles et sera automatiquement supprim\u00e9 \u00e0 la fermeture de votre navigateur.<\/span><\/p><p style=\"font-size: 15px;\"><span style=\"vertical-align: inherit;\">Lorsque vous vous connectez, nous d\u00e9posons en place un certain nombre de cookies pour enregistrer vos informations de connexion et vos pr\u00e9f\u00e9rences d&rsquo;\u00e9cran. La dur\u00e9e de vie d&rsquo;un cookie de connexion est de deux jours, celle d&rsquo;un cookie d&rsquo;option d&rsquo;\u00e9cran est d&rsquo;un an. Si vous cochez \u00ab Se souvenir de moi \u00bb, votre cookie de connexion sera conserv\u00e9 pendant deux semaines. Si vous vous d\u00e9connectez de votre compte, le cookie de connexion sera effac\u00e9.<\/span><\/p><p style=\"font-size: 15px;\"><span style=\"vertical-align: inherit;\">En modifiant ou en publiant une publication, un cookie suppl\u00e9mentaire sera enregistr\u00e9 dans votre navigateur. Ce cookie ne comprend aucune donn\u00e9e personnelle. Il indique simplement l&rsquo;ID de la publication que vous venez de modifier. Il expire au bout d&rsquo;un jour.<\/span><\/p><h2 class=\"wp-block-heading\"><span style=\"vertical-align: inherit;\">Contenu embarqu\u00e9 depuis d&rsquo;autres sites<\/span><\/h2><p style=\"font-size: 15px;\"><span style=\"vertical-align: inherit;\">Les articles de ce site peuvent inclure des contenus int\u00e9gr\u00e9s (par exemple des vid\u00e9os, images, articles\u2026). Le contenu int\u00e9gr\u00e9 depuis d&rsquo;autres sites se comporte de la m\u00eame mani\u00e8re que si le visiteur se rend sur cet autre site.<\/span><\/p><p style=\"font-size: 15px;\"><span style=\"vertical-align: inherit;\">Ces sites web pourraient collecter des donn\u00e9es sur vous, utiliser des cookies, embarquer des outils de suivis tiers, suivre vos interactions avec ces contenus embarqu\u00e9s si vous disposez d&rsquo;un compte connect\u00e9 sur leur site web.<\/span><\/p><h2 class=\"wp-block-heading\"><span style=\"vertical-align: inherit;\">Utilisation et transmission de vos donn\u00e9es personnelles<\/span><\/h2><p style=\"font-size: 15px;\"><span style=\"vertical-align: inherit;\">Si vous demandez une r\u00e9initialisation de votre mot de passe, votre adresse IP sera incluse dans l&rsquo;e-mail de r\u00e9initialisation.<\/span><\/p><h2 class=\"wp-block-heading\"><span style=\"vertical-align: inherit;\">Dur\u00e9es de stockage de vos donn\u00e9es<\/span><\/h2><p style=\"font-size: 15px;\"><span style=\"vertical-align: inherit;\">Si vous laissez un commentaire, le commentaire et ses m\u00e9tadonn\u00e9es sont conserv\u00e9es ind\u00e9finiment. Cela permet de reconna\u00eetre et d&rsquo;approuver automatiquement les commentaires suivants au lieu de les laisser dans le fichier de mod\u00e9ration.<\/span><\/p><p style=\"font-size: 15px;\"><span style=\"vertical-align: inherit;\">Pour les comptes qui s&rsquo;inscrivent sur notre site (le cas \u00e9ch\u00e9ant), nous stockons \u00e9galement les donn\u00e9es personnelles indiqu\u00e9es dans leur profil. Tous les comptes peuvent voir, modifier ou supprimer leurs informations personnelles \u00e0 tout moment (\u00e0 l&rsquo;exception de leur identifiant). Les gestionnaires du site peuvent \u00e9galement voir et modifier ces informations.<\/span><\/p><h2 class=\"wp-block-heading\"><span style=\"vertical-align: inherit;\">Les droits que vous avez sur vos donn\u00e9es<\/span><\/h2><p style=\"font-size: 15px;\"><span style=\"vertical-align: inherit;\">Si vous avez un compte ou si vous avez laiss\u00e9 des commentaires sur le site, vous pouvez demander \u00e0 recevoir un fichier contenant toutes les donn\u00e9es personnelles que nous poss\u00e9dons \u00e0 votre sujet, y compris celles que vous nous avez fournies. Vous pouvez \u00e9galement demander la suppression des donn\u00e9es personnelles vous concernant. Cela ne prend pas en compte les donn\u00e9es stock\u00e9es \u00e0 des fins administratives, l\u00e9gales ou pour des raisons de s\u00e9curit\u00e9.<\/span><\/p><h2 class=\"wp-block-heading\"><span style=\"vertical-align: inherit;\">Transmission de vos donn\u00e9es personnelles<\/span><\/h2><p style=\"font-size: 15px;\"><span style=\"vertical-align: inherit;\">Les commentaires des visiteurs peuvent \u00eatre v\u00e9rifi\u00e9s \u00e0 l&rsquo;aide d&rsquo;un service automatis\u00e9 de d\u00e9tection des commentaires ind\u00e9sirables.<\/span><\/p><\/div><\/article><\/div><\/div><\/div>\t\t\t\t\t\t\t\t<\/div>\n\t\t\t\t<\/div>\n\t\t\t\t\t<\/div>\n\t\t<\/div>\n\t\t\t\t\t<\/div>\n\t\t<\/section>\n\t\t\t\t<\/div>\n\t\t","protected":false},"excerpt":{"rendered":"<p>Atelier APOSTROPHE Politique de confidentialit\u00e9 Alexandra Vieira Politique de confidentialit\u00e9 Qui suis-je ? L&rsquo;adresse de notre site est : http:\/\/apostrophe-vieira.com. Commentaires Lorsque vous laissez un commentaire sur notre site, les donn\u00e9es inscrites dans le formulaire de commentaire, ainsi que votre adresse IP et l&rsquo;agent utilisateur de votre navigateur sont collect\u00e9s pour nous aider \u00e0 la [&hellip;]<\/p>\n","protected":false},"author":1,"featured_media":0,"parent":0,"menu_order":0,"comment_status":"closed","ping_status":"closed","template":"","meta":{"ocean_post_layout":"full-screen","ocean_both_sidebars_style":"","ocean_both_sidebars_content_width":0,"ocean_both_sidebars_sidebars_width":0,"ocean_sidebar":"","ocean_second_sidebar":"","ocean_disable_margins":"on","ocean_add_body_class":"","ocean_shortcode_before_top_bar":"","ocean_shortcode_after_top_bar":"","ocean_shortcode_before_header":"","ocean_shortcode_after_header":"","ocean_has_shortcode":"","ocean_shortcode_after_title":"","ocean_shortcode_before_footer_widgets":"","ocean_shortcode_after_footer_widgets":"","ocean_shortcode_before_footer_bottom":"","ocean_shortcode_after_footer_bottom":"","ocean_display_top_bar":"default","ocean_display_header":"default","ocean_header_style":"","ocean_center_header_left_menu":"","ocean_custom_header_template":"","ocean_custom_logo":0,"ocean_custom_retina_logo":0,"ocean_custom_logo_max_width":0,"ocean_custom_logo_tablet_max_width":0,"ocean_custom_logo_mobile_max_width":0,"ocean_custom_logo_max_height":0,"ocean_custom_logo_tablet_max_height":0,"ocean_custom_logo_mobile_max_height":0,"ocean_header_custom_menu":"","ocean_menu_typo_font_family":"","ocean_menu_typo_font_subset":"","ocean_menu_typo_font_size":0,"ocean_menu_typo_font_size_tablet":0,"ocean_menu_typo_font_size_mobile":0,"ocean_menu_typo_font_size_unit":"px","ocean_menu_typo_font_weight":"","ocean_menu_typo_font_weight_tablet":"","ocean_menu_typo_font_weight_mobile":"","ocean_menu_typo_transform":"","ocean_menu_typo_transform_tablet":"","ocean_menu_typo_transform_mobile":"","ocean_menu_typo_line_height":0,"ocean_menu_typo_line_height_tablet":0,"ocean_menu_typo_line_height_mobile":0,"ocean_menu_typo_line_height_unit":"","ocean_menu_typo_spacing":0,"ocean_menu_typo_spacing_tablet":0,"ocean_menu_typo_spacing_mobile":0,"ocean_menu_typo_spacing_unit":"","ocean_menu_link_color":"","ocean_menu_link_color_hover":"","ocean_menu_link_color_active":"","ocean_menu_link_background":"","ocean_menu_link_hover_background":"","ocean_menu_link_active_background":"","ocean_menu_social_links_bg":"","ocean_menu_social_hover_links_bg":"","ocean_menu_social_links_color":"","ocean_menu_social_hover_links_color":"","ocean_disable_title":"on","ocean_disable_heading":"default","ocean_post_title":"","ocean_post_subheading":"","ocean_post_title_style":"","ocean_post_title_background_color":"","ocean_post_title_background":0,"ocean_post_title_bg_image_position":"","ocean_post_title_bg_image_attachment":"","ocean_post_title_bg_image_repeat":"","ocean_post_title_bg_image_size":"","ocean_post_title_height":0,"ocean_post_title_bg_overlay":0.5,"ocean_post_title_bg_overlay_color":"","ocean_disable_breadcrumbs":"default","ocean_breadcrumbs_color":"","ocean_breadcrumbs_separator_color":"","ocean_breadcrumbs_links_color":"","ocean_breadcrumbs_links_hover_color":"","ocean_display_footer_widgets":"default","ocean_display_footer_bottom":"default","ocean_custom_footer_template":"","footnotes":""},"class_list":["post-1536","page","type-page","status-publish","hentry","entry"],"yoast_head":"<!-- This site is optimized with the Yoast SEO plugin v27.3 - https:\/\/yoast.com\/product\/yoast-seo-wordpress\/ -->\n<title>Politique de confidentialit\u00e9 - apostrophe-vieira<\/title>\n<meta name=\"robots\" content=\"index, follow, max-snippet:-1, max-image-preview:large, max-video-preview:-1\" \/>\n<link rel=\"canonical\" href=\"https:\/\/apostrophe-vieira.com\/index.php\/accueil\/\" \/>\n<meta property=\"og:locale\" content=\"fr_FR\" \/>\n<meta property=\"og:type\" content=\"article\" \/>\n<meta property=\"og:title\" content=\"Politique de confidentialit\u00e9 - apostrophe-vieira\" \/>\n<meta property=\"og:description\" content=\"Atelier APOSTROPHE Politique de confidentialit\u00e9 Alexandra Vieira Politique de confidentialit\u00e9 Qui suis-je ? L&rsquo;adresse de notre site est : http:\/\/apostrophe-vieira.com. Commentaires Lorsque vous laissez un commentaire sur notre site, les donn\u00e9es inscrites dans le formulaire de commentaire, ainsi que votre adresse IP et l&rsquo;agent utilisateur de votre navigateur sont collect\u00e9s pour nous aider \u00e0 la [&hellip;]\" \/>\n<meta property=\"og:url\" content=\"https:\/\/apostrophe-vieira.com\/index.php\/accueil\/\" \/>\n<meta property=\"og:site_name\" content=\"apostrophe-vieira\" \/>\n<meta property=\"article:modified_time\" content=\"2024-05-17T12:55:54+00:00\" \/>\n<meta name=\"twitter:card\" content=\"summary_large_image\" \/>\n<meta name=\"twitter:label1\" content=\"Dur\u00e9e de lecture estim\u00e9e\" \/>\n\t<meta name=\"twitter:data1\" content=\"3 minutes\" \/>\n<script type=\"application\/ld+json\" class=\"yoast-schema-graph\">{\"@context\":\"https:\\\/\\\/schema.org\",\"@graph\":[{\"@type\":\"WebPage\",\"@id\":\"https:\\\/\\\/apostrophe-vieira.com\\\/index.php\\\/accueil\\\/\",\"url\":\"https:\\\/\\\/apostrophe-vieira.com\\\/index.php\\\/accueil\\\/\",\"name\":\"Politique de confidentialit\u00e9 - apostrophe-vieira\",\"isPartOf\":{\"@id\":\"https:\\\/\\\/apostrophe-vieira.com\\\/#website\"},\"datePublished\":\"2024-05-17T12:50:15+00:00\",\"dateModified\":\"2024-05-17T12:55:54+00:00\",\"breadcrumb\":{\"@id\":\"https:\\\/\\\/apostrophe-vieira.com\\\/index.php\\\/accueil\\\/#breadcrumb\"},\"inLanguage\":\"fr-FR\",\"potentialAction\":[{\"@type\":\"ReadAction\",\"target\":[\"https:\\\/\\\/apostrophe-vieira.com\\\/index.php\\\/accueil\\\/\"]}]},{\"@type\":\"BreadcrumbList\",\"@id\":\"https:\\\/\\\/apostrophe-vieira.com\\\/index.php\\\/accueil\\\/#breadcrumb\",\"itemListElement\":[{\"@type\":\"ListItem\",\"position\":1,\"name\":\"Home\",\"item\":\"https:\\\/\\\/apostrophe-vieira.com\\\/\"},{\"@type\":\"ListItem\",\"position\":2,\"name\":\"Politique de confidentialit\u00e9\"}]},{\"@type\":\"WebSite\",\"@id\":\"https:\\\/\\\/apostrophe-vieira.com\\\/#website\",\"url\":\"https:\\\/\\\/apostrophe-vieira.com\\\/\",\"name\":\"apostrophe-vieira\",\"description\":\"apostrophe-vieira\",\"publisher\":{\"@id\":\"https:\\\/\\\/apostrophe-vieira.com\\\/#organization\"},\"potentialAction\":[{\"@type\":\"SearchAction\",\"target\":{\"@type\":\"EntryPoint\",\"urlTemplate\":\"https:\\\/\\\/apostrophe-vieira.com\\\/?s={search_term_string}\"},\"query-input\":{\"@type\":\"PropertyValueSpecification\",\"valueRequired\":true,\"valueName\":\"search_term_string\"}}],\"inLanguage\":\"fr-FR\"},{\"@type\":\"Organization\",\"@id\":\"https:\\\/\\\/apostrophe-vieira.com\\\/#organization\",\"name\":\"apostrophe-vieira\",\"url\":\"https:\\\/\\\/apostrophe-vieira.com\\\/\",\"logo\":{\"@type\":\"ImageObject\",\"inLanguage\":\"fr-FR\",\"@id\":\"https:\\\/\\\/apostrophe-vieira.com\\\/#\\\/schema\\\/logo\\\/image\\\/\",\"url\":\"https:\\\/\\\/apostrophe-vieira.com\\\/wp-content\\\/uploads\\\/2024\\\/04\\\/cropped-cropped-logo-6_Plan-de-travail-1.jpg\",\"contentUrl\":\"https:\\\/\\\/apostrophe-vieira.com\\\/wp-content\\\/uploads\\\/2024\\\/04\\\/cropped-cropped-logo-6_Plan-de-travail-1.jpg\",\"width\":625,\"height\":280,\"caption\":\"apostrophe-vieira\"},\"image\":{\"@id\":\"https:\\\/\\\/apostrophe-vieira.com\\\/#\\\/schema\\\/logo\\\/image\\\/\"}}]}<\/script>\n<!-- \/ Yoast SEO plugin. -->","yoast_head_json":{"title":"Politique de confidentialit\u00e9 - apostrophe-vieira","robots":{"index":"index","follow":"follow","max-snippet":"max-snippet:-1","max-image-preview":"max-image-preview:large","max-video-preview":"max-video-preview:-1"},"canonical":"https:\/\/apostrophe-vieira.com\/index.php\/accueil\/","og_locale":"fr_FR","og_type":"article","og_title":"Politique de confidentialit\u00e9 - apostrophe-vieira","og_description":"Atelier APOSTROPHE Politique de confidentialit\u00e9 Alexandra Vieira Politique de confidentialit\u00e9 Qui suis-je ? L&rsquo;adresse de notre site est : http:\/\/apostrophe-vieira.com. Commentaires Lorsque vous laissez un commentaire sur notre site, les donn\u00e9es inscrites dans le formulaire de commentaire, ainsi que votre adresse IP et l&rsquo;agent utilisateur de votre navigateur sont collect\u00e9s pour nous aider \u00e0 la [&hellip;]","og_url":"https:\/\/apostrophe-vieira.com\/index.php\/accueil\/","og_site_name":"apostrophe-vieira","article_modified_time":"2024-05-17T12:55:54+00:00","twitter_card":"summary_large_image","twitter_misc":{"Dur\u00e9e de lecture estim\u00e9e":"3 minutes"},"schema":{"@context":"https:\/\/schema.org","@graph":[{"@type":"WebPage","@id":"https:\/\/apostrophe-vieira.com\/index.php\/accueil\/","url":"https:\/\/apostrophe-vieira.com\/index.php\/accueil\/","name":"Politique de confidentialit\u00e9 - apostrophe-vieira","isPartOf":{"@id":"https:\/\/apostrophe-vieira.com\/#website"},"datePublished":"2024-05-17T12:50:15+00:00","dateModified":"2024-05-17T12:55:54+00:00","breadcrumb":{"@id":"https:\/\/apostrophe-vieira.com\/index.php\/accueil\/#breadcrumb"},"inLanguage":"fr-FR","potentialAction":[{"@type":"ReadAction","target":["https:\/\/apostrophe-vieira.com\/index.php\/accueil\/"]}]},{"@type":"BreadcrumbList","@id":"https:\/\/apostrophe-vieira.com\/index.php\/accueil\/#breadcrumb","itemListElement":[{"@type":"ListItem","position":1,"name":"Home","item":"https:\/\/apostrophe-vieira.com\/"},{"@type":"ListItem","position":2,"name":"Politique de confidentialit\u00e9"}]},{"@type":"WebSite","@id":"https:\/\/apostrophe-vieira.com\/#website","url":"https:\/\/apostrophe-vieira.com\/","name":"apostrophe-vieira","description":"apostrophe-vieira","publisher":{"@id":"https:\/\/apostrophe-vieira.com\/#organization"},"potentialAction":[{"@type":"SearchAction","target":{"@type":"EntryPoint","urlTemplate":"https:\/\/apostrophe-vieira.com\/?s={search_term_string}"},"query-input":{"@type":"PropertyValueSpecification","valueRequired":true,"valueName":"search_term_string"}}],"inLanguage":"fr-FR"},{"@type":"Organization","@id":"https:\/\/apostrophe-vieira.com\/#organization","name":"apostrophe-vieira","url":"https:\/\/apostrophe-vieira.com\/","logo":{"@type":"ImageObject","inLanguage":"fr-FR","@id":"https:\/\/apostrophe-vieira.com\/#\/schema\/logo\/image\/","url":"https:\/\/apostrophe-vieira.com\/wp-content\/uploads\/2024\/04\/cropped-cropped-logo-6_Plan-de-travail-1.jpg","contentUrl":"https:\/\/apostrophe-vieira.com\/wp-content\/uploads\/2024\/04\/cropped-cropped-logo-6_Plan-de-travail-1.jpg","width":625,"height":280,"caption":"apostrophe-vieira"},"image":{"@id":"https:\/\/apostrophe-vieira.com\/#\/schema\/logo\/image\/"}}]}},"_links":{"self":[{"href":"https:\/\/apostrophe-vieira.com\/index.php\/wp-json\/wp\/v2\/pages\/1536","targetHints":{"allow":["GET"]}}],"collection":[{"href":"https:\/\/apostrophe-vieira.com\/index.php\/wp-json\/wp\/v2\/pages"}],"about":[{"href":"https:\/\/apostrophe-vieira.com\/index.php\/wp-json\/wp\/v2\/types\/page"}],"author":[{"embeddable":true,"href":"https:\/\/apostrophe-vieira.com\/index.php\/wp-json\/wp\/v2\/users\/1"}],"replies":[{"embeddable":true,"href":"https:\/\/apostrophe-vieira.com\/index.php\/wp-json\/wp\/v2\/comments?post=1536"}],"version-history":[{"count":4,"href":"https:\/\/apostrophe-vieira.com\/index.php\/wp-json\/wp\/v2\/pages\/1536\/revisions"}],"predecessor-version":[{"id":1540,"href":"https:\/\/apostrophe-vieira.com\/index.php\/wp-json\/wp\/v2\/pages\/1536\/revisions\/1540"}],"wp:attachment":[{"href":"https:\/\/apostrophe-vieira.com\/index.php\/wp-json\/wp\/v2\/media?parent=1536"}],"curies":[{"name":"wp","href":"https:\/\/api.w.org\/{rel}","templated":true}]}}